{"id":198,"date":"2022-01-19T10:13:18","date_gmt":"2022-01-19T09:13:18","guid":{"rendered":"https:\/\/lesyjirkov.saintpaul.cz\/?page_id=198"},"modified":"2022-01-19T10:32:43","modified_gmt":"2022-01-19T09:32:43","slug":"ceniky","status":"publish","type":"page","link":"https:\/\/lesyjirkov.cz\/?page_id=198","title":{"rendered":"Cen\u00edky"},"content":{"rendered":"<p>[vc_row row_height_percent=&#8220;0&#8243; override_padding=&#8220;yes&#8220; h_padding=&#8220;2&#8243; top_padding=&#8220;5&#8243; bottom_padding=&#8220;5&#8243; back_image=&#8220;184&#8243; kburns=&#8220;yes&#8220; overlay_color=&#8220;color-jevc&#8220; overlay_alpha=&#8220;45&#8243; gutter_size=&#8220;3&#8243; column_width_percent=&#8220;100&#8243; shift_y=&#8220;0&#8243; z_index=&#8220;0&#8243; style=&#8220;inherited&#8220; uncode_shortcode_id=&#8220;134311&#8243; overlay_color_type=&#8220;uncode-palette&#8220;][vc_column column_width_use_pixel=&#8220;yes&#8220; position_vertical=&#8220;middle&#8220; align_horizontal=&#8220;align_center&#8220; gutter_size=&#8220;0&#8243; style=&#8220;dark&#8220; overlay_alpha=&#8220;100&#8243; shift_x=&#8220;0&#8243; shift_y=&#8220;0&#8243; shift_y_down=&#8220;0&#8243; z_index=&#8220;0&#8243; medium_width=&#8220;0&#8243; mobile_width=&#8220;0&#8243; zoom_width=&#8220;0&#8243; zoom_height=&#8220;0&#8243; width=&#8220;1\/1&#8243; column_width_pixel=&#8220;700&#8243;][vc_custom_heading heading_semantic=&#8220;h3&#8243; text_size=&#8220;h1&#8243; sub_lead=&#8220;yes&#8220; sub_reduced=&#8220;yes&#8220; text_align=&#8220;text-center&#8220; text_serif=&#8220;&#8220; uncode_shortcode_id=&#8220;356854&#8243;]Aktu\u00e1ln\u00ed cen\u00edky[\/vc_custom_heading][vc_empty_space empty_h=&#8220;3&#8243;][\/vc_column][\/vc_row][vc_row row_height_percent=&#8220;0&#8243; override_padding=&#8220;yes&#8220; h_padding=&#8220;0&#8243; top_padding=&#8220;0&#8243; bottom_padding=&#8220;5&#8243; overlay_alpha=&#8220;0&#8243; gutter_size=&#8220;3&#8243; column_width_percent=&#8220;100&#8243; shift_y=&#8220;0&#8243; z_index=&#8220;0&#8243; style=&#8220;inherited&#8220; el_class=&#8220;blog-carousel&#8220; uncode_shortcode_id=&#8220;157755&#8243; back_color_type=&#8220;uncode-solid&#8220; back_color_solid=&#8220;#e5ffdd&#8220;][vc_column column_width_percent=&#8220;100&#8243; position_horizontal=&#8220;left&#8220; align_horizontal=&#8220;align_center&#8220; gutter_size=&#8220;3&#8243; style=&#8220;dark&#8220; overlay_alpha=&#8220;100&#8243; shift_x=&#8220;0&#8243; shift_y=&#8220;0&#8243; z_index=&#8220;0&#8243; medium_width=&#8220;0&#8243; zoom_width=&#8220;0&#8243; zoom_height=&#8220;0&#8243; width=&#8220;1\/1&#8243;][vc_row_inner row_inner_height_percent=&#8220;0&#8243; overlay_alpha=&#8220;0&#8243; gutter_size=&#8220;3&#8243; shift_y=&#8220;0&#8243; limit_content=&#8220;&#8220;][vc_column_inner column_width_percent=&#8220;90&#8243; align_horizontal=&#8220;align_center&#8220; gutter_size=&#8220;3&#8243; override_padding=&#8220;yes&#8220; column_padding=&#8220;1&#8243; overlay_alpha=&#8220;100&#8243; shift_x=&#8220;0&#8243; shift_y=&#8220;-4&#8243; shift_y_fixed=&#8220;yes&#8220; shift_y_down=&#8220;0&#8243; z_index=&#8220;0&#8243; medium_width=&#8220;0&#8243; mobile_width=&#8220;0&#8243; zoom_width=&#8220;0&#8243; zoom_height=&#8220;0&#8243; width=&#8220;1\/1&#8243; mobile_width_full=&#8220;&#8220;][uncode_index el_id=&#8220;index-197289&#8243; loop=&#8220;size:999|order_by:date|post_type:post|categories:4|taxonomy_count:10&#8243; gutter_size=&#8220;2&#8243; post_items=&#8220;media|featured|onpost|original,date,title,text|excerpt|40,spacer|one,sep-one|full,link|round|small_size|\u010c\u00edst d\u00e1le..&#8220; screen_lg=&#8220;1000&#8243; screen_md=&#8220;600&#8243; screen_sm=&#8220;480&#8243; single_width=&#8220;3&#8243; images_size=&#8220;four-three&#8220; single_back_color=&#8220;color-xsdn&#8220; single_shape=&#8220;round&#8220; radius=&#8220;xl&#8220; single_overlay_opacity=&#8220;50&#8243; single_overlay_anim=&#8220;no&#8220; single_text_anim=&#8220;no&#8220; single_image_anim=&#8220;no&#8220; single_padding=&#8220;2&#8243; single_title_dimension=&#8220;h4&#8243; single_shadow=&#8220;yes&#8220; shadow_weight=&#8220;std&#8220; single_border=&#8220;yes&#8220; single_css_animation=&#8220;left-t-right&#8220; uncode_shortcode_id=&#8220;122123&#8243;][\/vc_column_inner][\/vc_row_inner][\/vc_column][\/vc_row]<\/p>\n","protected":false},"excerpt":{"rendered":"<p>[vc_row row_height_percent=&#8220;0&#8243; override_padding=&#8220;yes&#8220; h_padding=&#8220;2&#8243; top_padding=&#8220;5&#8243; bottom_padding=&#8220;5&#8243; back_image=&#8220;184&#8243; kburns=&#8220;yes&#8220; overlay_color=&#8220;color-jevc&#8220; overlay_alpha=&#8220;45&#8243; gutter_size=&#8220;3&#8243; column_width_percent=&#8220;100&#8243; shift_y=&#8220;0&#8243; z_index=&#8220;0&#8243; style=&#8220;inherited&#8220; uncode_shortcode_id=&#8220;134311&#8243; overlay_color_type=&#8220;uncode-palette&#8220;][vc_column column_width_use_pixel=&#8220;yes&#8220; position_vertical=&#8220;middle&#8220; align_horizontal=&#8220;align_center&#8220; [&hellip;]<\/p>\n","protected":false},"author":1,"featured_media":0,"parent":0,"menu_order":0,"comment_status":"closed","ping_status":"closed","template":"","meta":{"footnotes":""},"class_list":["post-198","page","type-page","status-publish","hentry"],"yoast_head":"<!-- This site is optimized with the Yoast SEO plugin v27.4 - https:\/\/yoast.com\/product\/yoast-seo-wordpress\/ -->\n<title>Cen\u00edky - Lesy m\u011bsta Jirkova<\/title>\n<meta name=\"robots\" content=\"index, follow, max-snippet:-1, max-image-preview:large, max-video-preview:-1\" \/>\n<link rel=\"canonical\" href=\"https:\/\/lesyjirkov.cz\/?page_id=198\" \/>\n<meta property=\"og:locale\" content=\"cs_CZ\" \/>\n<meta property=\"og:type\" content=\"article\" \/>\n<meta property=\"og:title\" content=\"Cen\u00edky - Lesy m\u011bsta Jirkova\" \/>\n<meta property=\"og:description\" content=\"[vc_row row_height_percent=&#8220;0&#8243; override_padding=&#8220;yes&#8220; h_padding=&#8220;2&#8243; top_padding=&#8220;5&#8243; bottom_padding=&#8220;5&#8243; back_image=&#8220;184&#8243; kburns=&#8220;yes&#8220; overlay_color=&#8220;color-jevc&#8220; overlay_alpha=&#8220;45&#8243; gutter_size=&#8220;3&#8243; column_width_percent=&#8220;100&#8243; shift_y=&#8220;0&#8243; z_index=&#8220;0&#8243; style=&#8220;inherited&#8220; uncode_shortcode_id=&#8220;134311&#8243; overlay_color_type=&#8220;uncode-palette&#8220;][vc_column column_width_use_pixel=&#8220;yes&#8220; position_vertical=&#8220;middle&#8220; align_horizontal=&#8220;align_center&#8220; [&hellip;]\" \/>\n<meta property=\"og:url\" content=\"https:\/\/lesyjirkov.cz\/?page_id=198\" \/>\n<meta property=\"og:site_name\" content=\"Lesy m\u011bsta Jirkova\" \/>\n<meta property=\"article:modified_time\" content=\"2022-01-19T09:32:43+00:00\" \/>\n<meta name=\"twitter:card\" content=\"summary_large_image\" \/>\n<meta name=\"twitter:label1\" content=\"Odhadovan\u00e1 doba \u010dten\u00ed\" \/>\n\t<meta name=\"twitter:data1\" content=\"2 minuty\" \/>\n<script type=\"application\/ld+json\" class=\"yoast-schema-graph\">{\"@context\":\"https:\\\/\\\/schema.org\",\"@graph\":[{\"@type\":\"WebPage\",\"@id\":\"https:\\\/\\\/lesyjirkov.cz\\\/?page_id=198\",\"url\":\"https:\\\/\\\/lesyjirkov.cz\\\/?page_id=198\",\"name\":\"Cen\u00edky - Lesy m\u011bsta Jirkova\",\"isPartOf\":{\"@id\":\"https:\\\/\\\/lesyjirkov.cz\\\/#website\"},\"datePublished\":\"2022-01-19T09:13:18+00:00\",\"dateModified\":\"2022-01-19T09:32:43+00:00\",\"breadcrumb\":{\"@id\":\"https:\\\/\\\/lesyjirkov.cz\\\/?page_id=198#breadcrumb\"},\"inLanguage\":\"cs\",\"potentialAction\":[{\"@type\":\"ReadAction\",\"target\":[\"https:\\\/\\\/lesyjirkov.cz\\\/?page_id=198\"]}]},{\"@type\":\"BreadcrumbList\",\"@id\":\"https:\\\/\\\/lesyjirkov.cz\\\/?page_id=198#breadcrumb\",\"itemListElement\":[{\"@type\":\"ListItem\",\"position\":1,\"name\":\"Dom\u016f\",\"item\":\"https:\\\/\\\/lesyjirkov.cz\\\/\"},{\"@type\":\"ListItem\",\"position\":2,\"name\":\"Cen\u00edky\"}]},{\"@type\":\"WebSite\",\"@id\":\"https:\\\/\\\/lesyjirkov.cz\\\/#website\",\"url\":\"https:\\\/\\\/lesyjirkov.cz\\\/\",\"name\":\"Lesy m\u011bsta Jirkova\",\"description\":\"\",\"potentialAction\":[{\"@type\":\"SearchAction\",\"target\":{\"@type\":\"EntryPoint\",\"urlTemplate\":\"https:\\\/\\\/lesyjirkov.cz\\\/?s={search_term_string}\"},\"query-input\":{\"@type\":\"PropertyValueSpecification\",\"valueRequired\":true,\"valueName\":\"search_term_string\"}}],\"inLanguage\":\"cs\"}]}<\/script>\n<!-- \/ Yoast SEO plugin. -->","yoast_head_json":{"title":"Cen\u00edky - Lesy m\u011bsta Jirkova","robots":{"index":"index","follow":"follow","max-snippet":"max-snippet:-1","max-image-preview":"max-image-preview:large","max-video-preview":"max-video-preview:-1"},"canonical":"https:\/\/lesyjirkov.cz\/?page_id=198","og_locale":"cs_CZ","og_type":"article","og_title":"Cen\u00edky - Lesy m\u011bsta Jirkova","og_description":"[vc_row row_height_percent=&#8220;0&#8243; override_padding=&#8220;yes&#8220; h_padding=&#8220;2&#8243; top_padding=&#8220;5&#8243; bottom_padding=&#8220;5&#8243; back_image=&#8220;184&#8243; kburns=&#8220;yes&#8220; overlay_color=&#8220;color-jevc&#8220; overlay_alpha=&#8220;45&#8243; gutter_size=&#8220;3&#8243; column_width_percent=&#8220;100&#8243; shift_y=&#8220;0&#8243; z_index=&#8220;0&#8243; style=&#8220;inherited&#8220; uncode_shortcode_id=&#8220;134311&#8243; overlay_color_type=&#8220;uncode-palette&#8220;][vc_column column_width_use_pixel=&#8220;yes&#8220; position_vertical=&#8220;middle&#8220; align_horizontal=&#8220;align_center&#8220; [&hellip;]","og_url":"https:\/\/lesyjirkov.cz\/?page_id=198","og_site_name":"Lesy m\u011bsta Jirkova","article_modified_time":"2022-01-19T09:32:43+00:00","twitter_card":"summary_large_image","twitter_misc":{"Odhadovan\u00e1 doba \u010dten\u00ed":"2 minuty"},"schema":{"@context":"https:\/\/schema.org","@graph":[{"@type":"WebPage","@id":"https:\/\/lesyjirkov.cz\/?page_id=198","url":"https:\/\/lesyjirkov.cz\/?page_id=198","name":"Cen\u00edky - Lesy m\u011bsta Jirkova","isPartOf":{"@id":"https:\/\/lesyjirkov.cz\/#website"},"datePublished":"2022-01-19T09:13:18+00:00","dateModified":"2022-01-19T09:32:43+00:00","breadcrumb":{"@id":"https:\/\/lesyjirkov.cz\/?page_id=198#breadcrumb"},"inLanguage":"cs","potentialAction":[{"@type":"ReadAction","target":["https:\/\/lesyjirkov.cz\/?page_id=198"]}]},{"@type":"BreadcrumbList","@id":"https:\/\/lesyjirkov.cz\/?page_id=198#breadcrumb","itemListElement":[{"@type":"ListItem","position":1,"name":"Dom\u016f","item":"https:\/\/lesyjirkov.cz\/"},{"@type":"ListItem","position":2,"name":"Cen\u00edky"}]},{"@type":"WebSite","@id":"https:\/\/lesyjirkov.cz\/#website","url":"https:\/\/lesyjirkov.cz\/","name":"Lesy m\u011bsta Jirkova","description":"","potentialAction":[{"@type":"SearchAction","target":{"@type":"EntryPoint","urlTemplate":"https:\/\/lesyjirkov.cz\/?s={search_term_string}"},"query-input":{"@type":"PropertyValueSpecification","valueRequired":true,"valueName":"search_term_string"}}],"inLanguage":"cs"}]}},"_links":{"self":[{"href":"https:\/\/lesyjirkov.cz\/index.php?rest_route=\/wp\/v2\/pages\/198","targetHints":{"allow":["GET"]}}],"collection":[{"href":"https:\/\/lesyjirkov.cz\/index.php?rest_route=\/wp\/v2\/pages"}],"about":[{"href":"https:\/\/lesyjirkov.cz\/index.php?rest_route=\/wp\/v2\/types\/page"}],"author":[{"embeddable":true,"href":"https:\/\/lesyjirkov.cz\/index.php?rest_route=\/wp\/v2\/users\/1"}],"replies":[{"embeddable":true,"href":"https:\/\/lesyjirkov.cz\/index.php?rest_route=%2Fwp%2Fv2%2Fcomments&post=198"}],"version-history":[{"count":6,"href":"https:\/\/lesyjirkov.cz\/index.php?rest_route=\/wp\/v2\/pages\/198\/revisions"}],"predecessor-version":[{"id":209,"href":"https:\/\/lesyjirkov.cz\/index.php?rest_route=\/wp\/v2\/pages\/198\/revisions\/209"}],"wp:attachment":[{"href":"https:\/\/lesyjirkov.cz\/index.php?rest_route=%2Fwp%2Fv2%2Fmedia&parent=198"}],"curies":[{"name":"wp","href":"https:\/\/api.w.org\/{rel}","templated":true}]}}