{"id":2,"date":"2022-01-10T10:29:26","date_gmt":"2022-01-10T09:29:26","guid":{"rendered":"https:\/\/lesyjirkov.saintpaul.cz\/?page_id=2"},"modified":"2022-01-19T10:20:35","modified_gmt":"2022-01-19T09:20:35","slug":"zkusebni-stranka","status":"publish","type":"page","link":"https:\/\/lesyjirkov.cz\/","title":{"rendered":"Hlavn\u00ed"},"content":{"rendered":"<p>[vc_row row_height_percent=&#8220;81&#8243; override_padding=&#8220;yes&#8220; h_padding=&#8220;2&#8243; top_padding=&#8220;2&#8243; bottom_padding=&#8220;2&#8243; back_color=&#8220;color-158388&#8243; back_image=&#8220;180&#8243; parallax=&#8220;yes&#8220; overlay_color=&#8220;color-jevc&#8220; overlay_alpha=&#8220;30&#8243; gutter_size=&#8220;3&#8243; column_width_percent=&#8220;100&#8243; shift_y=&#8220;0&#8243; z_index=&#8220;0&#8243; enable_bottom_divider=&#8220;default&#8220; bottom_divider=&#8220;mountains&#8220; shape_bottom_flip=&#8220;yes&#8220; shape_bottom_h_use_pixel=&#8220;true&#8220; shape_bottom_height_percent=&#8220;19&#8243; shape_bottom_color=&#8220;color-158388&#8243; shape_bottom_opacity=&#8220;100&#8243; shape_bottom_index=&#8220;0&#8243; shape_bottom_responsive=&#8220;yes&#8220; uncode_shortcode_id=&#8220;194673&#8243; back_color_type=&#8220;uncode-palette&#8220; shape_bottom_color_type=&#8220;uncode-palette&#8220; row_height_pixel=&#8220;380px&#8220; overlay_color_type=&#8220;uncode-palette&#8220;][vc_column column_width_percent=&#8220;64&#8243; position_vertical=&#8220;middle&#8220; align_horizontal=&#8220;align_center&#8220; gutter_size=&#8220;3&#8243; style=&#8220;dark&#8220; overlay_alpha=&#8220;50&#8243; shift_x=&#8220;0&#8243; shift_y=&#8220;0&#8243; shift_y_down=&#8220;0&#8243; z_index=&#8220;0&#8243; medium_width=&#8220;0&#8243; mobile_width=&#8220;0&#8243; width=&#8220;1\/1&#8243; uncode_shortcode_id=&#8220;170929&#8243;][vc_custom_heading text_size=&#8220;bigtext&#8220; css_animation=&#8220;single-slide&#8220; uncode_shortcode_id=&#8220;173531&#8243;]Lesy m\u011bsta Jirkova[\/vc_custom_heading][vc_custom_heading text_size=&#8220;h1&#8243; text_weight=&#8220;300&#8243; css_animation=&#8220;single-slide&#8220; animation_delay=&#8220;300&#8243; uncode_shortcode_id=&#8220;405898&#8243;]p\u0159\u00edsp\u011bvkov\u00e1 organizace[\/vc_custom_heading][\/vc_column][\/vc_row][vc_row row_height_percent=&#8220;0&#8243; override_padding=&#8220;yes&#8220; h_padding=&#8220;3&#8243; top_padding=&#8220;5&#8243; bottom_padding=&#8220;5&#8243; overlay_alpha=&#8220;77&#8243; gutter_size=&#8220;3&#8243; column_width_percent=&#8220;100&#8243; shift_y=&#8220;0&#8243; z_index=&#8220;0&#8243; enable_top_divider=&#8220;default&#8220; top_divider=&#8220;mountains&#8220; shape_top_flip=&#8220;yes&#8220; shape_top_h_use_pixel=&#8220;&#8220; shape_top_height=&#8220;150&#8243; shape_top_color=&#8220;color-158388&#8243; shape_top_opacity=&#8220;100&#8243; shape_top_index=&#8220;0&#8243; shape_top_responsive=&#8220;yes&#8220; bottom_divider=&#8220;mountains&#8220; row_custom_slug_check=&#8220;yes&#8220; uncode_shortcode_id=&#8220;162550&#8243; back_color_type=&#8220;uncode-solid&#8220; back_color_solid=&#8220;#e5ffdd&#8220; row_name=&#8220;#novinky&#8220; shape_top_color_type=&#8220;uncode-palette&#8220;][vc_column column_width_use_pixel=&#8220;yes&#8220; gutter_size=&#8220;3&#8243; overlay_alpha=&#8220;50&#8243; shift_x=&#8220;0&#8243; shift_y=&#8220;0&#8243; shift_y_down=&#8220;0&#8243; z_index=&#8220;0&#8243; medium_width=&#8220;0&#8243; mobile_width=&#8220;0&#8243; width=&#8220;1\/1&#8243; uncode_shortcode_id=&#8220;580665&#8243;][vc_row_inner limit_content=&#8220;&#8220;][vc_column_inner column_width_percent=&#8220;100&#8243; align_horizontal=&#8220;align_center&#8220; gutter_size=&#8220;2&#8243; overlay_alpha=&#8220;50&#8243; shift_x=&#8220;0&#8243; shift_y=&#8220;0&#8243; shift_y_down=&#8220;0&#8243; z_index=&#8220;0&#8243; medium_width=&#8220;0&#8243; mobile_width=&#8220;0&#8243; width=&#8220;1\/1&#8243; uncode_shortcode_id=&#8220;697274&#8243;][vc_icon display=&#8220;inline&#8220; icon=&#8220;fa fa-newspaper-o&#8220; icon_color=&#8220;color-169852&#8243; background_style=&#8220;fa-rounded&#8220; size=&#8220;fa-2x&#8220; css_animation=&#8220;zoom-in&#8220; uncode_shortcode_id=&#8220;114846&#8243; icon_color_type=&#8220;uncode-palette&#8220; title=&#8220;Novinky a aktu\u00e1ln\u00ed informace&#8220;][\/vc_icon][vc_separator sep_color=&#8220;,Default&#8220;][\/vc_column_inner][\/vc_row_inner][uncode_index el_id=&#8220;index-197289&#8243; loop=&#8220;size:12|order_by:date|post_type:post|taxonomy_count:10&#8243; gutter_size=&#8220;2&#8243; post_items=&#8220;media|featured|onpost|original,date,title,text|excerpt|40,spacer|one,sep-one|full,link|round|small_size|\u010c\u00edst d\u00e1le..&#8220; screen_lg=&#8220;1000&#8243; screen_md=&#8220;600&#8243; screen_sm=&#8220;480&#8243; single_width=&#8220;3&#8243; images_size=&#8220;four-three&#8220; single_back_color=&#8220;color-xsdn&#8220; single_shape=&#8220;round&#8220; radius=&#8220;xl&#8220; single_overlay_opacity=&#8220;50&#8243; single_overlay_anim=&#8220;no&#8220; single_text_anim=&#8220;no&#8220; single_image_anim=&#8220;no&#8220; single_padding=&#8220;2&#8243; single_title_dimension=&#8220;h4&#8243; single_shadow=&#8220;yes&#8220; shadow_weight=&#8220;std&#8220; single_border=&#8220;yes&#8220; single_css_animation=&#8220;left-t-right&#8220; uncode_shortcode_id=&#8220;168536&#8243;][\/vc_column][\/vc_row][vc_row row_height_percent=&#8220;0&#8243; override_padding=&#8220;yes&#8220; h_padding=&#8220;2&#8243; top_padding=&#8220;5&#8243; bottom_padding=&#8220;7&#8243; back_color=&#8220;color-158388&#8243; overlay_alpha=&#8220;88&#8243; gutter_size=&#8220;4&#8243; column_width_percent=&#8220;100&#8243; shift_y=&#8220;0&#8243; z_index=&#8220;0&#8243; uncode_shortcode_id=&#8220;179462&#8243; back_color_type=&#8220;uncode-palette&#8220;][vc_column column_width_percent=&#8220;100&#8243; gutter_size=&#8220;3&#8243; overlay_alpha=&#8220;50&#8243; shift_x=&#8220;0&#8243; shift_y=&#8220;0&#8243; shift_y_down=&#8220;0&#8243; z_index=&#8220;0&#8243; medium_width=&#8220;4&#8243; mobile_width=&#8220;0&#8243; width=&#8220;6\/12&#8243; el_class=&#8220;image-card image-card-triple&#8220; uncode_shortcode_id=&#8220;131424&#8243;][vc_single_image media=&#8220;189&#8243; media_width_percent=&#8220;100&#8243; media_ratio=&#8220;one-one&#8220; alignment=&#8220;right&#8220; shadow=&#8220;yes&#8220; shadow_weight=&#8220;std&#8220; css_animation=&#8220;parallax&#8220; parallax_intensity=&#8220;1&#8243; uncode_shortcode_id=&#8220;189944&#8243;][vc_single_image media=&#8220;41&#8243; media_width_percent=&#8220;100&#8243; media_ratio=&#8220;one-one&#8220; alignment=&#8220;right&#8220; shadow=&#8220;yes&#8220; shadow_weight=&#8220;std&#8220; css_animation=&#8220;parallax&#8220; parallax_intensity=&#8220;4&#8243; uncode_shortcode_id=&#8220;128742&#8243;][vc_single_image media=&#8220;192&#8243; media_width_percent=&#8220;100&#8243; media_ratio=&#8220;one-one&#8220; alignment=&#8220;right&#8220; shadow=&#8220;yes&#8220; shadow_weight=&#8220;std&#8220; css_animation=&#8220;parallax&#8220; parallax_intensity=&#8220;8&#8243; uncode_shortcode_id=&#8220;379962&#8243;][\/vc_column][vc_column column_width_percent=&#8220;100&#8243; position_horizontal=&#8220;left&#8220; position_vertical=&#8220;middle&#8220; gutter_size=&#8220;3&#8243; style=&#8220;dark&#8220; overlay_alpha=&#8220;50&#8243; shift_x=&#8220;0&#8243; shift_y=&#8220;0&#8243; shift_y_down=&#8220;0&#8243; z_index=&#8220;0&#8243; medium_width=&#8220;4&#8243; align_mobile=&#8220;align_center_mobile&#8220; mobile_width=&#8220;0&#8243; css_animation=&#8220;right-t-left&#8220; width=&#8220;6\/12&#8243; uncode_shortcode_id=&#8220;735310&#8243;][vc_custom_heading heading_semantic=&#8220;h3&#8243; text_size=&#8220;h1&#8243; sub_lead=&#8220;yes&#8220; subheading=&#8220;Lesy m\u011bsta Jirkova, p\u0159\u00edsp\u011bvkov\u00e1 organizace jako samostatn\u00e1 organizace m\u011bsta byly zalo\u017eeny k 1. 11. 2004. P\u0159ed t\u00edmto dnem p\u016fsobil pod M\u011bstsk\u00fdm \u00fa\u0159adem Jirkov odbor Lesn\u00ed spr\u00e1va Bolebo\u0159, kter\u00fd vznikl k 1. 1. 1992 v r\u00e1mci uplatn\u011bn\u00ed restitu\u010dn\u00edho z\u00e1kona \u010d. 179\/91 Sb., o navr\u00e1cen\u00ed les\u016f obc\u00edm. V pr\u016fb\u011bhu let 1994 a\u017e 1998 bylo navr\u00e1cena m\u011bstu Jirkov p\u0159ev\u00e1\u017en\u00e1 \u010d\u00e1st jeho historick\u00e9ho lesn\u00edho majetku. Krom\u011b hospoda\u0159en\u00ed na lesn\u00edch porostech m\u011bsta pat\u0159\u00ed mezi \u010dinnosti Les\u016f i myslivost a rybnictv\u00ed.&#8220; uncode_shortcode_id=&#8220;151192&#8243;]Lesy Jirkov &#8211; o n\u00e1s[\/vc_custom_heading][vc_button size=&#8220;btn-lg&#8220; radius=&#8220;btn-round&#8220; hover_fx=&#8220;outlined&#8220; text_skin=&#8220;yes&#8220; border_width=&#8220;0&#8243; link=&#8220;url:http%3A%2F%2Flesyjirkov.cz%2F%3Fpage_id%3D60|title:O%20n%C3%A1s&#8220; uncode_shortcode_id=&#8220;113606&#8243;]V\u00edce[\/vc_button][\/vc_column][\/vc_row][vc_row unlock_row_content=&#8220;yes&#8220; row_height_percent=&#8220;0&#8243; override_padding=&#8220;yes&#8220; h_padding=&#8220;0&#8243; top_padding=&#8220;0&#8243; bottom_padding=&#8220;0&#8243; back_color=&#8220;color-158388&#8243; overlay_alpha=&#8220;100&#8243; gutter_size=&#8220;100&#8243; column_width_percent=&#8220;100&#8243; shift_y=&#8220;0&#8243; z_index=&#8220;0&#8243; style=&#8220;inherited&#8220; uncode_shortcode_id=&#8220;108367&#8243; back_color_type=&#8220;uncode-palette&#8220; row_name=&#8220;#galerie&#8220;][vc_column column_width_percent=&#8220;100&#8243; align_horizontal=&#8220;align_center&#8220; gutter_size=&#8220;3&#8243; overlay_alpha=&#8220;50&#8243; shift_x=&#8220;0&#8243; shift_y=&#8220;0&#8243; medium_width=&#8220;0&#8243; zoom_width=&#8220;0&#8243; zoom_height=&#8220;0&#8243; width=&#8220;1\/1&#8243;][vc_gallery el_id=&#8220;gallery-958453445&#8243; medias=&#8220;182,183,184,185,186,187,188,189&#8243; style_preset=&#8220;metro&#8220; gutter_size=&#8220;0&#8243; media_items=&#8220;media,icon&#8220; screen_lg=&#8220;1000&#8243; screen_md=&#8220;600&#8243; screen_sm=&#8220;480&#8243; single_width=&#8220;3&#8243; single_height=&#8220;2&#8243; single_overlay_opacity=&#8220;50&#8243; single_text_anim_type=&#8220;btt&#8220; single_h_align=&#8220;center&#8220; single_padding=&#8220;2&#8243; single_icon=&#8220;fa fa-search3&#8243; single_border=&#8220;yes&#8220; single_css_animation=&#8220;bottom-t-top&#8220; single_animation_delay=&#8220;200&#8243; lbox_caption=&#8220;yes&#8220; no_double_tap=&#8220;yes&#8220; carousel_rtl=&#8220;&#8220; single_title_uppercase=&#8220;&#8220; single_title_bold=&#8220;&#8220; single_title_serif=&#8220;&#8220; onclick=&#8220;link_image&#8220; custom_links_target=&#8220;_self&#8220; items=&#8220;eyI4ODY4X2kiOnsic2luZ2xlX3dpZHRoIjoiNCIsInNpbmdsZV9oZWlnaHQiOiI0In0sIjg4NjJfaSI6eyJzaW5nbGVfd2lkdGgiOiI0Iiwic2luZ2xlX2hlaWdodCI6IjQifSwiODg2MF9pIjp7InNpbmdsZV93aWR0aCI6IjQifX0=&#8220; single_half_padding=&#8220;&#8220; single_no_background=&#8220;&#8220; uncode_shortcode_id=&#8220;140087&#8243;][\/vc_column][\/vc_row]<\/p>\n","protected":false},"excerpt":{"rendered":"<p>[vc_row row_height_percent=&#8220;81&#8243; override_padding=&#8220;yes&#8220; h_padding=&#8220;2&#8243; top_padding=&#8220;2&#8243; bottom_padding=&#8220;2&#8243; back_color=&#8220;color-158388&#8243; back_image=&#8220;180&#8243; parallax=&#8220;yes&#8220; overlay_color=&#8220;color-jevc&#8220; overlay_alpha=&#8220;30&#8243; gutter_size=&#8220;3&#8243; column_width_percent=&#8220;100&#8243; shift_y=&#8220;0&#8243; z_index=&#8220;0&#8243; enable_bottom_divider=&#8220;default&#8220; bottom_divider=&#8220;mountains&#8220; shape_bottom_flip=&#8220;yes&#8220; shape_bottom_h_use_pixel=&#8220;true&#8220; shape_bottom_height_percent=&#8220;19&#8243; [&hellip;]<\/p>\n","protected":false},"author":1,"featured_media":0,"parent":0,"menu_order":0,"comment_status":"closed","ping_status":"open","template":"","meta":{"footnotes":""},"class_list":["post-2","page","type-page","status-publish","hentry"],"yoast_head":"<!-- This site is optimized with the Yoast SEO plugin v27.5 - https:\/\/yoast.com\/product\/yoast-seo-wordpress\/ -->\n<title>Hlavn\u00ed - Lesy m\u011bsta Jirkova<\/title>\n<meta name=\"robots\" content=\"index, follow, max-snippet:-1, max-image-preview:large, max-video-preview:-1\" \/>\n<link rel=\"canonical\" href=\"https:\/\/lesyjirkov.cz\/\" \/>\n<meta property=\"og:locale\" content=\"cs_CZ\" \/>\n<meta property=\"og:type\" content=\"article\" \/>\n<meta property=\"og:title\" content=\"Hlavn\u00ed - Lesy m\u011bsta Jirkova\" \/>\n<meta property=\"og:description\" content=\"[vc_row row_height_percent=&#8220;81&#8243; override_padding=&#8220;yes&#8220; h_padding=&#8220;2&#8243; top_padding=&#8220;2&#8243; bottom_padding=&#8220;2&#8243; back_color=&#8220;color-158388&#8243; back_image=&#8220;180&#8243; parallax=&#8220;yes&#8220; overlay_color=&#8220;color-jevc&#8220; overlay_alpha=&#8220;30&#8243; gutter_size=&#8220;3&#8243; column_width_percent=&#8220;100&#8243; shift_y=&#8220;0&#8243; z_index=&#8220;0&#8243; enable_bottom_divider=&#8220;default&#8220; bottom_divider=&#8220;mountains&#8220; shape_bottom_flip=&#8220;yes&#8220; shape_bottom_h_use_pixel=&#8220;true&#8220; shape_bottom_height_percent=&#8220;19&#8243; [&hellip;]\" \/>\n<meta property=\"og:url\" content=\"https:\/\/lesyjirkov.cz\/\" \/>\n<meta property=\"og:site_name\" content=\"Lesy m\u011bsta Jirkova\" \/>\n<meta property=\"article:modified_time\" content=\"2022-01-19T09:20:35+00:00\" \/>\n<meta name=\"twitter:card\" content=\"summary_large_image\" \/>\n<meta name=\"twitter:label1\" content=\"Odhadovan\u00e1 doba \u010dten\u00ed\" \/>\n\t<meta name=\"twitter:data1\" content=\"5 minut\" \/>\n<script type=\"application\/ld+json\" class=\"yoast-schema-graph\">{\"@context\":\"https:\\\/\\\/schema.org\",\"@graph\":[{\"@type\":\"WebPage\",\"@id\":\"https:\\\/\\\/lesyjirkov.cz\\\/\",\"url\":\"https:\\\/\\\/lesyjirkov.cz\\\/\",\"name\":\"Hlavn\u00ed - Lesy m\u011bsta Jirkova\",\"isPartOf\":{\"@id\":\"https:\\\/\\\/lesyjirkov.cz\\\/#website\"},\"datePublished\":\"2022-01-10T09:29:26+00:00\",\"dateModified\":\"2022-01-19T09:20:35+00:00\",\"breadcrumb\":{\"@id\":\"https:\\\/\\\/lesyjirkov.cz\\\/#breadcrumb\"},\"inLanguage\":\"cs\",\"potentialAction\":[{\"@type\":\"ReadAction\",\"target\":[\"https:\\\/\\\/lesyjirkov.cz\\\/\"]}]},{\"@type\":\"BreadcrumbList\",\"@id\":\"https:\\\/\\\/lesyjirkov.cz\\\/#breadcrumb\",\"itemListElement\":[{\"@type\":\"ListItem\",\"position\":1,\"name\":\"Dom\u016f\",\"item\":\"https:\\\/\\\/lesyjirkov.cz\\\/\"},{\"@type\":\"ListItem\",\"position\":2,\"name\":\"Hlavn\u00ed\"}]},{\"@type\":\"WebSite\",\"@id\":\"https:\\\/\\\/lesyjirkov.cz\\\/#website\",\"url\":\"https:\\\/\\\/lesyjirkov.cz\\\/\",\"name\":\"Lesy m\u011bsta Jirkova\",\"description\":\"\",\"potentialAction\":[{\"@type\":\"SearchAction\",\"target\":{\"@type\":\"EntryPoint\",\"urlTemplate\":\"https:\\\/\\\/lesyjirkov.cz\\\/?s={search_term_string}\"},\"query-input\":{\"@type\":\"PropertyValueSpecification\",\"valueRequired\":true,\"valueName\":\"search_term_string\"}}],\"inLanguage\":\"cs\"}]}<\/script>\n<!-- \/ Yoast SEO plugin. -->","yoast_head_json":{"title":"Hlavn\u00ed - Lesy m\u011bsta Jirkova","robots":{"index":"index","follow":"follow","max-snippet":"max-snippet:-1","max-image-preview":"max-image-preview:large","max-video-preview":"max-video-preview:-1"},"canonical":"https:\/\/lesyjirkov.cz\/","og_locale":"cs_CZ","og_type":"article","og_title":"Hlavn\u00ed - Lesy m\u011bsta Jirkova","og_description":"[vc_row row_height_percent=&#8220;81&#8243; override_padding=&#8220;yes&#8220; h_padding=&#8220;2&#8243; top_padding=&#8220;2&#8243; bottom_padding=&#8220;2&#8243; back_color=&#8220;color-158388&#8243; back_image=&#8220;180&#8243; parallax=&#8220;yes&#8220; overlay_color=&#8220;color-jevc&#8220; overlay_alpha=&#8220;30&#8243; gutter_size=&#8220;3&#8243; column_width_percent=&#8220;100&#8243; shift_y=&#8220;0&#8243; z_index=&#8220;0&#8243; enable_bottom_divider=&#8220;default&#8220; bottom_divider=&#8220;mountains&#8220; shape_bottom_flip=&#8220;yes&#8220; shape_bottom_h_use_pixel=&#8220;true&#8220; shape_bottom_height_percent=&#8220;19&#8243; [&hellip;]","og_url":"https:\/\/lesyjirkov.cz\/","og_site_name":"Lesy m\u011bsta Jirkova","article_modified_time":"2022-01-19T09:20:35+00:00","twitter_card":"summary_large_image","twitter_misc":{"Odhadovan\u00e1 doba \u010dten\u00ed":"5 minut"},"schema":{"@context":"https:\/\/schema.org","@graph":[{"@type":"WebPage","@id":"https:\/\/lesyjirkov.cz\/","url":"https:\/\/lesyjirkov.cz\/","name":"Hlavn\u00ed - Lesy m\u011bsta Jirkova","isPartOf":{"@id":"https:\/\/lesyjirkov.cz\/#website"},"datePublished":"2022-01-10T09:29:26+00:00","dateModified":"2022-01-19T09:20:35+00:00","breadcrumb":{"@id":"https:\/\/lesyjirkov.cz\/#breadcrumb"},"inLanguage":"cs","potentialAction":[{"@type":"ReadAction","target":["https:\/\/lesyjirkov.cz\/"]}]},{"@type":"BreadcrumbList","@id":"https:\/\/lesyjirkov.cz\/#breadcrumb","itemListElement":[{"@type":"ListItem","position":1,"name":"Dom\u016f","item":"https:\/\/lesyjirkov.cz\/"},{"@type":"ListItem","position":2,"name":"Hlavn\u00ed"}]},{"@type":"WebSite","@id":"https:\/\/lesyjirkov.cz\/#website","url":"https:\/\/lesyjirkov.cz\/","name":"Lesy m\u011bsta Jirkova","description":"","potentialAction":[{"@type":"SearchAction","target":{"@type":"EntryPoint","urlTemplate":"https:\/\/lesyjirkov.cz\/?s={search_term_string}"},"query-input":{"@type":"PropertyValueSpecification","valueRequired":true,"valueName":"search_term_string"}}],"inLanguage":"cs"}]}},"_links":{"self":[{"href":"https:\/\/lesyjirkov.cz\/index.php?rest_route=\/wp\/v2\/pages\/2","targetHints":{"allow":["GET"]}}],"collection":[{"href":"https:\/\/lesyjirkov.cz\/index.php?rest_route=\/wp\/v2\/pages"}],"about":[{"href":"https:\/\/lesyjirkov.cz\/index.php?rest_route=\/wp\/v2\/types\/page"}],"author":[{"embeddable":true,"href":"https:\/\/lesyjirkov.cz\/index.php?rest_route=\/wp\/v2\/users\/1"}],"replies":[{"embeddable":true,"href":"https:\/\/lesyjirkov.cz\/index.php?rest_route=%2Fwp%2Fv2%2Fcomments&post=2"}],"version-history":[{"count":76,"href":"https:\/\/lesyjirkov.cz\/index.php?rest_route=\/wp\/v2\/pages\/2\/revisions"}],"predecessor-version":[{"id":203,"href":"https:\/\/lesyjirkov.cz\/index.php?rest_route=\/wp\/v2\/pages\/2\/revisions\/203"}],"wp:attachment":[{"href":"https:\/\/lesyjirkov.cz\/index.php?rest_route=%2Fwp%2Fv2%2Fmedia&parent=2"}],"curies":[{"name":"wp","href":"https:\/\/api.w.org\/{rel}","templated":true}]}}