{"id":60,"date":"2022-01-10T12:16:52","date_gmt":"2022-01-10T11:16:52","guid":{"rendered":"https:\/\/lesyjirkov.saintpaul.cz\/?page_id=60"},"modified":"2022-01-10T16:13:16","modified_gmt":"2022-01-10T15:13:16","slug":"o-nas","status":"publish","type":"page","link":"https:\/\/lesyjirkov.cz\/?page_id=60","title":{"rendered":"O n\u00e1s"},"content":{"rendered":"<p>[vc_row row_height_percent=&#8220;50&#8243; override_padding=&#8220;yes&#8220; h_padding=&#8220;2&#8243; top_padding=&#8220;5&#8243; bottom_padding=&#8220;2&#8243; overlay_alpha=&#8220;50&#8243; gutter_size=&#8220;4&#8243; column_width_percent=&#8220;100&#8243; shift_y=&#8220;0&#8243; z_index=&#8220;0&#8243; el_class=&#8220;inverted-device-order&#8220;][vc_column column_width_use_pixel=&#8220;yes&#8220; position_vertical=&#8220;middle&#8220; gutter_size=&#8220;3&#8243; overlay_alpha=&#8220;50&#8243; shift_x=&#8220;0&#8243; shift_y=&#8220;0&#8243; shift_y_down=&#8220;0&#8243; z_index=&#8220;0&#8243; medium_width=&#8220;0&#8243; mobile_width=&#8220;0&#8243; width=&#8220;1\/2&#8243; column_width_pixel=&#8220;900&#8243;][vc_custom_heading heading_semantic=&#8220;h3&#8243; text_size=&#8220;h1&#8243; sub_lead=&#8220;yes&#8220; uncode_shortcode_id=&#8220;154174&#8243;]Lesy Jirkov &#8211; o n\u00e1s[\/vc_custom_heading][vc_column_text text_lead=&#8220;yes&#8220; uncode_shortcode_id=&#8220;585665&#8243;]Lesy m\u011bsta Jirkova, p\u0159\u00edsp\u011bvkov\u00e1 organizace jako samostatn\u00e1 organizace m\u011bsta byly zalo\u017eeny k 1. 11. 2004. P\u0159ed t\u00edmto dnem p\u016fsobil pod M\u011bstsk\u00fdm \u00fa\u0159adem Jirkov odbor Lesn\u00ed spr\u00e1va Bolebo\u0159, kter\u00fd vznikl k 1. 1. 1992 v r\u00e1mci uplatn\u011bn\u00ed restitu\u010dn\u00edho z\u00e1kona \u010d. 179\/91 Sb., o navr\u00e1cen\u00ed les\u016f obc\u00edm. V pr\u016fb\u011bhu let 1994 a\u017e 1998 bylo navr\u00e1cena m\u011bstu Jirkov p\u0159ev\u00e1\u017en\u00e1 \u010d\u00e1st jeho historick\u00e9ho lesn\u00edho majetku. Krom\u011b hospoda\u0159en\u00ed na lesn\u00edch porostech m\u011bsta pat\u0159\u00ed mezi \u010dinnosti Les\u016f i myslivost a rybnictv\u00ed.[\/vc_column_text][\/vc_column][vc_column width=&#8220;1\/2&#8243;][vc_single_image media=&#8220;44&#8243; media_width_percent=&#8220;100&#8243; media_ratio=&#8220;four-three&#8220; shadow=&#8220;yes&#8220; shadow_weight=&#8220;lg&#8220; uncode_shortcode_id=&#8220;539486&#8243;][\/vc_column][\/vc_row][vc_row row_height_percent=&#8220;50&#8243; override_padding=&#8220;yes&#8220; h_padding=&#8220;2&#8243; top_padding=&#8220;2&#8243; bottom_padding=&#8220;5&#8243; overlay_alpha=&#8220;50&#8243; gutter_size=&#8220;4&#8243; column_width_percent=&#8220;100&#8243; shift_y=&#8220;0&#8243; z_index=&#8220;0&#8243;][vc_column width=&#8220;1\/2&#8243;][vc_single_image media=&#8220;87&#8243; media_width_percent=&#8220;100&#8243; media_ratio=&#8220;four-three&#8220; shadow=&#8220;yes&#8220; shadow_weight=&#8220;lg&#8220; uncode_shortcode_id=&#8220;114553&#8243;][\/vc_column][vc_column column_width_use_pixel=&#8220;yes&#8220; position_vertical=&#8220;middle&#8220; gutter_size=&#8220;3&#8243; overlay_alpha=&#8220;50&#8243; shift_x=&#8220;0&#8243; shift_y=&#8220;0&#8243; shift_y_down=&#8220;0&#8243; z_index=&#8220;0&#8243; medium_width=&#8220;0&#8243; mobile_width=&#8220;0&#8243; width=&#8220;1\/2&#8243; column_width_pixel=&#8220;900&#8243;][vc_column_text text_lead=&#8220;yes&#8220; uncode_shortcode_id=&#8220;491231&#8243;]V roce 2012 poskytl \u00dasteck\u00fd kraj z \u201eProgramu poskytov\u00e1n\u00ed podpor na hospoda\u0159en\u00ed v les\u00edch v \u00dasteck\u00e9m kraji na roky 2010-2013\u201c m\u011bstu Jirkov neinvesti\u010dn\u00ed dotaci ve v\u00fd\u0161i 1.160.895 K\u010d. Z t\u00e9to \u010d\u00e1stky byly financov\u00e1ny tyto pr\u00e1ce \u2013 obnova lesa sadbou (prvn\u00ed zalesn\u011bn\u00ed), ochrana mlad\u00fdch lesn\u00edch porost\u016f proti bu\u0159eni, zv\u011b\u0159i a my\u0161ovit\u00fdm hlodavc\u016fm a pro\u0159ez\u00e1vky.<\/p>\n<p>V roce 2011 poskytl \u00dasteck\u00fd kraj z \u201eProgramu poskytov\u00e1n\u00ed podpor na hospoda\u0159en\u00ed v les\u00edch v \u00dasteck\u00e9m kraji na roky 2010-2013\u201c m\u011bstu Jirkov neinvesti\u010dn\u00ed dotaci ve v\u00fd\u0161i 1.870.045 K\u010d. Z t\u00e9to \u010d\u00e1stky byly financov\u00e1ny tyto pr\u00e1ce \u2013 obnova lesa sadbou (prvn\u00ed zalesn\u011bn\u00ed), ochrana mlad\u00fdch lesn\u00edch porost\u016f proti bu\u0159eni, zv\u011b\u0159i a my\u0161ovit\u00fdm hlodavc\u016fm a rekonstrukce porost\u016f n\u00e1hradn\u00edch d\u0159evin.<\/p>\n<p><a href=\"http:\/\/www.jirkov.cz\/mesto\/organizace-zrizene-mestem\/lesy-mesta-jirkova-po-lmj\/\" target=\"_blank\" rel=\"noopener noreferrer\">Organizace \u0159\u00edzen\u00e9 m\u011bstem &#8211; Lesy m\u011bsta Jirkova, p\u0159\u00edsp\u011bvkov\u00e1 organizace (LmJ)<\/a>[\/vc_column_text][\/vc_column][\/vc_row]<\/p>\n","protected":false},"excerpt":{"rendered":"<p>[vc_row row_height_percent=&#8220;50&#8243; override_padding=&#8220;yes&#8220; h_padding=&#8220;2&#8243; top_padding=&#8220;5&#8243; bottom_padding=&#8220;2&#8243; overlay_alpha=&#8220;50&#8243; gutter_size=&#8220;4&#8243; column_width_percent=&#8220;100&#8243; shift_y=&#8220;0&#8243; z_index=&#8220;0&#8243; el_class=&#8220;inverted-device-order&#8220;][vc_column column_width_use_pixel=&#8220;yes&#8220; position_vertical=&#8220;middle&#8220; gutter_size=&#8220;3&#8243; overlay_alpha=&#8220;50&#8243; shift_x=&#8220;0&#8243; shift_y=&#8220;0&#8243; shift_y_down=&#8220;0&#8243; z_index=&#8220;0&#8243; [&hellip;]<\/p>\n","protected":false},"author":1,"featured_media":0,"parent":0,"menu_order":0,"comment_status":"closed","ping_status":"closed","template":"","meta":{"footnotes":""},"class_list":["post-60","page","type-page","status-publish","hentry"],"yoast_head":"<!-- This site is optimized with the Yoast SEO plugin v27.4 - https:\/\/yoast.com\/product\/yoast-seo-wordpress\/ -->\n<title>O n\u00e1s - Lesy m\u011bsta Jirkova<\/title>\n<meta name=\"robots\" content=\"index, follow, max-snippet:-1, max-image-preview:large, max-video-preview:-1\" \/>\n<link rel=\"canonical\" href=\"https:\/\/lesyjirkov.cz\/?page_id=60\" \/>\n<meta property=\"og:locale\" content=\"cs_CZ\" \/>\n<meta property=\"og:type\" content=\"article\" \/>\n<meta property=\"og:title\" content=\"O n\u00e1s - Lesy m\u011bsta Jirkova\" \/>\n<meta property=\"og:description\" content=\"[vc_row row_height_percent=&#8220;50&#8243; override_padding=&#8220;yes&#8220; h_padding=&#8220;2&#8243; top_padding=&#8220;5&#8243; bottom_padding=&#8220;2&#8243; overlay_alpha=&#8220;50&#8243; gutter_size=&#8220;4&#8243; column_width_percent=&#8220;100&#8243; shift_y=&#8220;0&#8243; z_index=&#8220;0&#8243; el_class=&#8220;inverted-device-order&#8220;][vc_column column_width_use_pixel=&#8220;yes&#8220; position_vertical=&#8220;middle&#8220; gutter_size=&#8220;3&#8243; overlay_alpha=&#8220;50&#8243; shift_x=&#8220;0&#8243; shift_y=&#8220;0&#8243; shift_y_down=&#8220;0&#8243; z_index=&#8220;0&#8243; [&hellip;]\" \/>\n<meta property=\"og:url\" content=\"https:\/\/lesyjirkov.cz\/?page_id=60\" \/>\n<meta property=\"og:site_name\" content=\"Lesy m\u011bsta Jirkova\" \/>\n<meta property=\"article:modified_time\" content=\"2022-01-10T15:13:16+00:00\" \/>\n<meta name=\"twitter:card\" content=\"summary_large_image\" \/>\n<meta name=\"twitter:label1\" content=\"Odhadovan\u00e1 doba \u010dten\u00ed\" \/>\n\t<meta name=\"twitter:data1\" content=\"2 minuty\" \/>\n<script type=\"application\/ld+json\" class=\"yoast-schema-graph\">{\"@context\":\"https:\\\/\\\/schema.org\",\"@graph\":[{\"@type\":\"WebPage\",\"@id\":\"https:\\\/\\\/lesyjirkov.cz\\\/?page_id=60\",\"url\":\"https:\\\/\\\/lesyjirkov.cz\\\/?page_id=60\",\"name\":\"O n\u00e1s - Lesy m\u011bsta Jirkova\",\"isPartOf\":{\"@id\":\"https:\\\/\\\/lesyjirkov.cz\\\/#website\"},\"datePublished\":\"2022-01-10T11:16:52+00:00\",\"dateModified\":\"2022-01-10T15:13:16+00:00\",\"breadcrumb\":{\"@id\":\"https:\\\/\\\/lesyjirkov.cz\\\/?page_id=60#breadcrumb\"},\"inLanguage\":\"cs\",\"potentialAction\":[{\"@type\":\"ReadAction\",\"target\":[\"https:\\\/\\\/lesyjirkov.cz\\\/?page_id=60\"]}]},{\"@type\":\"BreadcrumbList\",\"@id\":\"https:\\\/\\\/lesyjirkov.cz\\\/?page_id=60#breadcrumb\",\"itemListElement\":[{\"@type\":\"ListItem\",\"position\":1,\"name\":\"Dom\u016f\",\"item\":\"https:\\\/\\\/lesyjirkov.cz\\\/\"},{\"@type\":\"ListItem\",\"position\":2,\"name\":\"O n\u00e1s\"}]},{\"@type\":\"WebSite\",\"@id\":\"https:\\\/\\\/lesyjirkov.cz\\\/#website\",\"url\":\"https:\\\/\\\/lesyjirkov.cz\\\/\",\"name\":\"Lesy m\u011bsta Jirkova\",\"description\":\"\",\"potentialAction\":[{\"@type\":\"SearchAction\",\"target\":{\"@type\":\"EntryPoint\",\"urlTemplate\":\"https:\\\/\\\/lesyjirkov.cz\\\/?s={search_term_string}\"},\"query-input\":{\"@type\":\"PropertyValueSpecification\",\"valueRequired\":true,\"valueName\":\"search_term_string\"}}],\"inLanguage\":\"cs\"}]}<\/script>\n<!-- \/ Yoast SEO plugin. -->","yoast_head_json":{"title":"O n\u00e1s - Lesy m\u011bsta Jirkova","robots":{"index":"index","follow":"follow","max-snippet":"max-snippet:-1","max-image-preview":"max-image-preview:large","max-video-preview":"max-video-preview:-1"},"canonical":"https:\/\/lesyjirkov.cz\/?page_id=60","og_locale":"cs_CZ","og_type":"article","og_title":"O n\u00e1s - Lesy m\u011bsta Jirkova","og_description":"[vc_row row_height_percent=&#8220;50&#8243; override_padding=&#8220;yes&#8220; h_padding=&#8220;2&#8243; top_padding=&#8220;5&#8243; bottom_padding=&#8220;2&#8243; overlay_alpha=&#8220;50&#8243; gutter_size=&#8220;4&#8243; column_width_percent=&#8220;100&#8243; shift_y=&#8220;0&#8243; z_index=&#8220;0&#8243; el_class=&#8220;inverted-device-order&#8220;][vc_column column_width_use_pixel=&#8220;yes&#8220; position_vertical=&#8220;middle&#8220; gutter_size=&#8220;3&#8243; overlay_alpha=&#8220;50&#8243; shift_x=&#8220;0&#8243; shift_y=&#8220;0&#8243; shift_y_down=&#8220;0&#8243; z_index=&#8220;0&#8243; [&hellip;]","og_url":"https:\/\/lesyjirkov.cz\/?page_id=60","og_site_name":"Lesy m\u011bsta Jirkova","article_modified_time":"2022-01-10T15:13:16+00:00","twitter_card":"summary_large_image","twitter_misc":{"Odhadovan\u00e1 doba \u010dten\u00ed":"2 minuty"},"schema":{"@context":"https:\/\/schema.org","@graph":[{"@type":"WebPage","@id":"https:\/\/lesyjirkov.cz\/?page_id=60","url":"https:\/\/lesyjirkov.cz\/?page_id=60","name":"O n\u00e1s - Lesy m\u011bsta Jirkova","isPartOf":{"@id":"https:\/\/lesyjirkov.cz\/#website"},"datePublished":"2022-01-10T11:16:52+00:00","dateModified":"2022-01-10T15:13:16+00:00","breadcrumb":{"@id":"https:\/\/lesyjirkov.cz\/?page_id=60#breadcrumb"},"inLanguage":"cs","potentialAction":[{"@type":"ReadAction","target":["https:\/\/lesyjirkov.cz\/?page_id=60"]}]},{"@type":"BreadcrumbList","@id":"https:\/\/lesyjirkov.cz\/?page_id=60#breadcrumb","itemListElement":[{"@type":"ListItem","position":1,"name":"Dom\u016f","item":"https:\/\/lesyjirkov.cz\/"},{"@type":"ListItem","position":2,"name":"O n\u00e1s"}]},{"@type":"WebSite","@id":"https:\/\/lesyjirkov.cz\/#website","url":"https:\/\/lesyjirkov.cz\/","name":"Lesy m\u011bsta Jirkova","description":"","potentialAction":[{"@type":"SearchAction","target":{"@type":"EntryPoint","urlTemplate":"https:\/\/lesyjirkov.cz\/?s={search_term_string}"},"query-input":{"@type":"PropertyValueSpecification","valueRequired":true,"valueName":"search_term_string"}}],"inLanguage":"cs"}]}},"_links":{"self":[{"href":"https:\/\/lesyjirkov.cz\/index.php?rest_route=\/wp\/v2\/pages\/60","targetHints":{"allow":["GET"]}}],"collection":[{"href":"https:\/\/lesyjirkov.cz\/index.php?rest_route=\/wp\/v2\/pages"}],"about":[{"href":"https:\/\/lesyjirkov.cz\/index.php?rest_route=\/wp\/v2\/types\/page"}],"author":[{"embeddable":true,"href":"https:\/\/lesyjirkov.cz\/index.php?rest_route=\/wp\/v2\/users\/1"}],"replies":[{"embeddable":true,"href":"https:\/\/lesyjirkov.cz\/index.php?rest_route=%2Fwp%2Fv2%2Fcomments&post=60"}],"version-history":[{"count":3,"href":"https:\/\/lesyjirkov.cz\/index.php?rest_route=\/wp\/v2\/pages\/60\/revisions"}],"predecessor-version":[{"id":138,"href":"https:\/\/lesyjirkov.cz\/index.php?rest_route=\/wp\/v2\/pages\/60\/revisions\/138"}],"wp:attachment":[{"href":"https:\/\/lesyjirkov.cz\/index.php?rest_route=%2Fwp%2Fv2%2Fmedia&parent=60"}],"curies":[{"name":"wp","href":"https:\/\/api.w.org\/{rel}","templated":true}]}}